{"id":12,"date":"2024-09-12T23:46:36","date_gmt":"2024-09-12T21:46:36","guid":{"rendered":"http:\/\/geo-info.fr\/?page_id=12"},"modified":"2024-10-03T10:30:35","modified_gmt":"2024-10-03T08:30:35","slug":"accueil","status":"publish","type":"page","link":"https:\/\/geo-info.fr\/","title":{"rendered":"Accueil"},"content":{"rendered":"\t\t<div data-elementor-type=\"wp-page\" data-elementor-id=\"12\" class=\"elementor elementor-12\">\n\t\t\t\t<div class=\"elementor-element elementor-element-dc43835 e-flex e-con-boxed e-con e-parent\" data-id=\"dc43835\" data-element_type=\"container\">\n\t\t\t\t\t<div class=\"e-con-inner\">\n\t\t\t\t<div class=\"elementor-element elementor-element-899ce02 elementor-widget__width-initial elementor-widget elementor-widget-image\" data-id=\"899ce02\" data-element_type=\"widget\" data-widget_type=\"image.default\">\n\t\t\t\t<div class=\"elementor-widget-container\">\n\t\t\t<style>\/*! elementor - v3.23.0 - 05-08-2024 *\/\n.elementor-widget-image{text-align:center}.elementor-widget-image a{display:inline-block}.elementor-widget-image a img[src$=\".svg\"]{width:48px}.elementor-widget-image img{vertical-align:middle;display:inline-block}<\/style>\t\t\t\t\t\t\t<figure class=\"wp-caption\">\n\t\t\t\t\t\t\t\t\t\t\t<a href=\"http:\/\/www.techsol.fr\" target=\"_blank\">\n\t\t\t\t\t\t\t<img fetchpriority=\"high\" decoding=\"async\" width=\"800\" height=\"538\" src=\"http:\/\/geo-info.fr\/wp-content\/uploads\/2024\/09\/Logo-Slogan_TECHSOL_Signature-2.png\" class=\"attachment-large size-large wp-image-114\" alt=\"\" srcset=\"http:\/\/geo-info.fr\/wp-content\/uploads\/2024\/09\/Logo-Slogan_TECHSOL_Signature-2.png 800w, http:\/\/geo-info.fr\/wp-content\/uploads\/2024\/09\/Logo-Slogan_TECHSOL_Signature-2-300x202.png 300w, http:\/\/geo-info.fr\/wp-content\/uploads\/2024\/09\/Logo-Slogan_TECHSOL_Signature-2-768x516.png 768w\" sizes=\"(max-width: 800px) 100vw, 800px\" \/>\t\t\t\t\t\t\t\t<\/a>\n\t\t\t\t\t\t\t\t\t\t\t<figcaption class=\"widget-image-caption wp-caption-text\"><\/figcaption>\n\t\t\t\t\t\t\t\t\t\t<\/figure>\n\t\t\t\t\t\t\t<\/div>\n\t\t\t\t<\/div>\n\t\t\t\t\t<\/div>\n\t\t\t\t<\/div>\n\t\t<div class=\"elementor-element elementor-element-c4b77f9 e-con-full e-flex e-con e-parent\" data-id=\"c4b77f9\" data-element_type=\"container\">\n\t\t\t\t<div class=\"elementor-element elementor-element-d1686b3 elementor-invisible elementor-widget elementor-widget-heading\" data-id=\"d1686b3\" data-element_type=\"widget\" data-settings=\"{&quot;_animation&quot;:&quot;fadeInLeft&quot;}\" data-widget_type=\"heading.default\">\n\t\t\t\t<div class=\"elementor-widget-container\">\n\t\t\t<style>\/*! elementor - v3.23.0 - 05-08-2024 *\/\n.elementor-heading-title{padding:0;margin:0;line-height:1}.elementor-widget-heading .elementor-heading-title[class*=elementor-size-]>a{color:inherit;font-size:inherit;line-height:inherit}.elementor-widget-heading .elementor-heading-title.elementor-size-small{font-size:15px}.elementor-widget-heading .elementor-heading-title.elementor-size-medium{font-size:19px}.elementor-widget-heading .elementor-heading-title.elementor-size-large{font-size:29px}.elementor-widget-heading .elementor-heading-title.elementor-size-xl{font-size:39px}.elementor-widget-heading .elementor-heading-title.elementor-size-xxl{font-size:59px}<\/style><h1 class=\"elementor-heading-title elementor-size-default\">Passionn\u00e9s d'infrastructure ou professionnels, <br>plongez dans l'univers de la g\u00e9otechnique<\/h1>\t\t<\/div>\n\t\t\t\t<\/div>\n\t\t\t\t<div class=\"elementor-element elementor-element-afcaeef elementor-widget-divider--view-line elementor-widget elementor-widget-divider\" data-id=\"afcaeef\" data-element_type=\"widget\" data-widget_type=\"divider.default\">\n\t\t\t\t<div class=\"elementor-widget-container\">\n\t\t\t<style>\/*! elementor - v3.23.0 - 05-08-2024 *\/\n.elementor-widget-divider{--divider-border-style:none;--divider-border-width:1px;--divider-color:#0c0d0e;--divider-icon-size:20px;--divider-element-spacing:10px;--divider-pattern-height:24px;--divider-pattern-size:20px;--divider-pattern-url:none;--divider-pattern-repeat:repeat-x}.elementor-widget-divider .elementor-divider{display:flex}.elementor-widget-divider .elementor-divider__text{font-size:15px;line-height:1;max-width:95%}.elementor-widget-divider .elementor-divider__element{margin:0 var(--divider-element-spacing);flex-shrink:0}.elementor-widget-divider .elementor-icon{font-size:var(--divider-icon-size)}.elementor-widget-divider .elementor-divider-separator{display:flex;margin:0;direction:ltr}.elementor-widget-divider--view-line_icon .elementor-divider-separator,.elementor-widget-divider--view-line_text .elementor-divider-separator{align-items:center}.elementor-widget-divider--view-line_icon .elementor-divider-separator:after,.elementor-widget-divider--view-line_icon .elementor-divider-separator:before,.elementor-widget-divider--view-line_text .elementor-divider-separator:after,.elementor-widget-divider--view-line_text .elementor-divider-separator:before{display:block;content:\"\";border-block-end:0;flex-grow:1;border-block-start:var(--divider-border-width) var(--divider-border-style) var(--divider-color)}.elementor-widget-divider--element-align-left .elementor-divider .elementor-divider-separator>.elementor-divider__svg:first-of-type{flex-grow:0;flex-shrink:100}.elementor-widget-divider--element-align-left .elementor-divider-separator:before{content:none}.elementor-widget-divider--element-align-left .elementor-divider__element{margin-left:0}.elementor-widget-divider--element-align-right .elementor-divider .elementor-divider-separator>.elementor-divider__svg:last-of-type{flex-grow:0;flex-shrink:100}.elementor-widget-divider--element-align-right .elementor-divider-separator:after{content:none}.elementor-widget-divider--element-align-right .elementor-divider__element{margin-right:0}.elementor-widget-divider--element-align-start .elementor-divider .elementor-divider-separator>.elementor-divider__svg:first-of-type{flex-grow:0;flex-shrink:100}.elementor-widget-divider--element-align-start .elementor-divider-separator:before{content:none}.elementor-widget-divider--element-align-start .elementor-divider__element{margin-inline-start:0}.elementor-widget-divider--element-align-end .elementor-divider .elementor-divider-separator>.elementor-divider__svg:last-of-type{flex-grow:0;flex-shrink:100}.elementor-widget-divider--element-align-end .elementor-divider-separator:after{content:none}.elementor-widget-divider--element-align-end .elementor-divider__element{margin-inline-end:0}.elementor-widget-divider:not(.elementor-widget-divider--view-line_text):not(.elementor-widget-divider--view-line_icon) .elementor-divider-separator{border-block-start:var(--divider-border-width) var(--divider-border-style) var(--divider-color)}.elementor-widget-divider--separator-type-pattern{--divider-border-style:none}.elementor-widget-divider--separator-type-pattern.elementor-widget-divider--view-line .elementor-divider-separator,.elementor-widget-divider--separator-type-pattern:not(.elementor-widget-divider--view-line) .elementor-divider-separator:after,.elementor-widget-divider--separator-type-pattern:not(.elementor-widget-divider--view-line) .elementor-divider-separator:before,.elementor-widget-divider--separator-type-pattern:not([class*=elementor-widget-divider--view]) .elementor-divider-separator{width:100%;min-height:var(--divider-pattern-height);-webkit-mask-size:var(--divider-pattern-size) 100%;mask-size:var(--divider-pattern-size) 100%;-webkit-mask-repeat:var(--divider-pattern-repeat);mask-repeat:var(--divider-pattern-repeat);background-color:var(--divider-color);-webkit-mask-image:var(--divider-pattern-url);mask-image:var(--divider-pattern-url)}.elementor-widget-divider--no-spacing{--divider-pattern-size:auto}.elementor-widget-divider--bg-round{--divider-pattern-repeat:round}.rtl .elementor-widget-divider .elementor-divider__text{direction:rtl}.e-con-inner>.elementor-widget-divider,.e-con>.elementor-widget-divider{width:var(--container-widget-width,100%);--flex-grow:var(--container-widget-flex-grow)}<\/style>\t\t<div class=\"elementor-divider\">\n\t\t\t<span class=\"elementor-divider-separator\">\n\t\t\t\t\t\t<\/span>\n\t\t<\/div>\n\t\t\t\t<\/div>\n\t\t\t\t<\/div>\n\t\t<div class=\"elementor-element elementor-element-524479e e-con-full e-flex e-con e-child\" data-id=\"524479e\" data-element_type=\"container\">\n\t\t<div class=\"elementor-element elementor-element-736997e e-grid e-con-full e-con e-child\" data-id=\"736997e\" data-element_type=\"container\">\n\t\t\t\t<div class=\"elementor-element elementor-element-01d77d9 elementor-widget elementor-widget-heading\" data-id=\"01d77d9\" data-element_type=\"widget\" data-widget_type=\"heading.default\">\n\t\t\t\t<div class=\"elementor-widget-container\">\n\t\t\t<h2 class=\"elementor-heading-title elementor-size-default\">La G\u00e9ologie D\u00e9voil\u00e9e<\/h2>\t\t<\/div>\n\t\t\t\t<\/div>\n\t\t\t\t<div class=\"elementor-element elementor-element-6900aaa elementor-widget elementor-widget-heading\" data-id=\"6900aaa\" data-element_type=\"widget\" data-widget_type=\"heading.default\">\n\t\t\t\t<div class=\"elementor-widget-container\">\n\t\t\t<h2 class=\"elementor-heading-title elementor-size-default\">L'essence de la G\u00e9otechnique : Un Voyage \u00e0 Travers l'Histoire<\/h2>\t\t<\/div>\n\t\t\t\t<\/div>\n\t\t\t\t<div class=\"elementor-element elementor-element-84ac78c elementor-widget elementor-widget-heading\" data-id=\"84ac78c\" data-element_type=\"widget\" data-widget_type=\"heading.default\">\n\t\t\t\t<div class=\"elementor-widget-container\">\n\t\t\t<h2 class=\"elementor-heading-title elementor-size-default\">L'hydrog\u00e9ologie : Importance et Applications en G\u00e9otechnique<\/h2>\t\t<\/div>\n\t\t\t\t<\/div>\n\t\t\t\t<div class=\"elementor-element elementor-element-b3ba4bf elementor-invisible elementor-widget elementor-widget-heading\" data-id=\"b3ba4bf\" data-element_type=\"widget\" data-settings=\"{&quot;_animation&quot;:&quot;fadeInUp&quot;}\" data-widget_type=\"heading.default\">\n\t\t\t\t<div class=\"elementor-widget-container\">\n\t\t\t<h2 class=\"elementor-heading-title elementor-size-default\">Comprendre les \u00c9tudes de Pollution des Sols et des Nappes: Phases et M\u00e9thodologies<\/h2>\t\t<\/div>\n\t\t\t\t<\/div>\n\t\t\t\t<div class=\"elementor-element elementor-element-d70c206 e-transform e-transform e-transform elementor-invisible elementor-widget elementor-widget-heading\" data-id=\"d70c206\" data-element_type=\"widget\" data-settings=\"{&quot;_animation&quot;:&quot;fadeInUp&quot;,&quot;_transform_rotateZ_effect&quot;:{&quot;unit&quot;:&quot;px&quot;,&quot;size&quot;:&quot;&quot;,&quot;sizes&quot;:[]},&quot;_transform_rotateZ_effect_tablet&quot;:{&quot;unit&quot;:&quot;deg&quot;,&quot;size&quot;:&quot;&quot;,&quot;sizes&quot;:[]},&quot;_transform_rotateZ_effect_mobile&quot;:{&quot;unit&quot;:&quot;deg&quot;,&quot;size&quot;:&quot;&quot;,&quot;sizes&quot;:[]},&quot;_transform_translateX_effect&quot;:{&quot;unit&quot;:&quot;px&quot;,&quot;size&quot;:&quot;&quot;,&quot;sizes&quot;:[]},&quot;_transform_translateX_effect_tablet&quot;:{&quot;unit&quot;:&quot;px&quot;,&quot;size&quot;:&quot;&quot;,&quot;sizes&quot;:[]},&quot;_transform_translateX_effect_mobile&quot;:{&quot;unit&quot;:&quot;px&quot;,&quot;size&quot;:&quot;&quot;,&quot;sizes&quot;:[]},&quot;_transform_translateY_effect&quot;:{&quot;unit&quot;:&quot;px&quot;,&quot;size&quot;:&quot;&quot;,&quot;sizes&quot;:[]},&quot;_transform_translateY_effect_tablet&quot;:{&quot;unit&quot;:&quot;px&quot;,&quot;size&quot;:&quot;&quot;,&quot;sizes&quot;:[]},&quot;_transform_translateY_effect_mobile&quot;:{&quot;unit&quot;:&quot;px&quot;,&quot;size&quot;:&quot;&quot;,&quot;sizes&quot;:[]},&quot;_transform_scale_effect&quot;:{&quot;unit&quot;:&quot;px&quot;,&quot;size&quot;:&quot;&quot;,&quot;sizes&quot;:[]},&quot;_transform_scale_effect_tablet&quot;:{&quot;unit&quot;:&quot;px&quot;,&quot;size&quot;:&quot;&quot;,&quot;sizes&quot;:[]},&quot;_transform_scale_effect_mobile&quot;:{&quot;unit&quot;:&quot;px&quot;,&quot;size&quot;:&quot;&quot;,&quot;sizes&quot;:[]}}\" data-widget_type=\"heading.default\">\n\t\t\t\t<div class=\"elementor-widget-container\">\n\t\t\t<h2 class=\"elementor-heading-title elementor-size-default\">La g\u00e9ophysique appliqu\u00e9e : D\u00e9tection d'anomalies pour les projets d'am\u00e9nagement<\/h2>\t\t<\/div>\n\t\t\t\t<\/div>\n\t\t\t\t<div class=\"elementor-element elementor-element-3772c38 elementor-invisible elementor-widget elementor-widget-heading\" data-id=\"3772c38\" data-element_type=\"widget\" data-settings=\"{&quot;_animation&quot;:&quot;fadeInUp&quot;}\" data-widget_type=\"heading.default\">\n\t\t\t\t<div class=\"elementor-widget-container\">\n\t\t\t<h2 class=\"elementor-heading-title elementor-size-default\">\u00c9tude de Cas : Analyse Compl\u00e8te d'un Projet Immobilier en R\u00e9gion Parisienne<\/h2>\t\t<\/div>\n\t\t\t\t<\/div>\n\t\t\t\t<\/div>\n\t\t\t\t<\/div>\n\t\t\t\t<\/div>\n\t\t<div class=\"elementor-element elementor-element-2f021c2 e-flex e-con-boxed e-con e-parent\" data-id=\"2f021c2\" data-element_type=\"container\">\n\t\t\t\t\t<div class=\"e-con-inner\">\n\t\t\t\t<div class=\"elementor-element elementor-element-e9ca3c4 elementor-widget elementor-widget-google_maps\" data-id=\"e9ca3c4\" data-element_type=\"widget\" data-widget_type=\"google_maps.default\">\n\t\t\t\t<div class=\"elementor-widget-container\">\n\t\t\t<style>\/*! elementor - v3.23.0 - 05-08-2024 *\/\n.elementor-widget-google_maps .elementor-widget-container{overflow:hidden}.elementor-widget-google_maps .elementor-custom-embed{line-height:0}.elementor-widget-google_maps iframe{height:300px}<\/style>\t\t<div class=\"elementor-custom-embed\">\n\t\t\t<iframe loading=\"lazy\"\n\t\t\t\t\tsrc=\"https:\/\/maps.google.com\/maps?q=London%20Eye%2C%20Londres%2C%20Royaume-Uni&#038;t=m&#038;z=10&#038;output=embed&#038;iwloc=near\"\n\t\t\t\t\ttitle=\"London Eye, Londres, Royaume-Uni\"\n\t\t\t\t\taria-label=\"London Eye, Londres, Royaume-Uni\"\n\t\t\t><\/iframe>\n\t\t<\/div>\n\t\t\t\t<\/div>\n\t\t\t\t<\/div>\n\t\t\t\t\t<\/div>\n\t\t\t\t<\/div>\n\t\t\t\t<\/div>\n\t\t","protected":false},"excerpt":{"rendered":"<p>Passionn\u00e9s d&#8217;infrastructure ou professionnels, plongez dans l&#8217;univers de la g\u00e9otechnique La G\u00e9ologie D\u00e9voil\u00e9e L&#8217;essence de la G\u00e9otechnique : Un Voyage \u00e0 Travers l&#8217;Histoire L&#8217;hydrog\u00e9ologie : Importance et Applications en G\u00e9otechnique Comprendre les \u00c9tudes de Pollution des Sols et des Nappes: Phases et M\u00e9thodologies La g\u00e9ophysique appliqu\u00e9e : D\u00e9tection d&#8217;anomalies pour les projets d&#8217;am\u00e9nagement \u00c9tude de&#8230;<\/p>\n","protected":false},"author":1,"featured_media":0,"parent":0,"menu_order":0,"comment_status":"closed","ping_status":"closed","template":"","meta":{"_monsterinsights_skip_tracking":false,"_monsterinsights_sitenote_active":false,"_monsterinsights_sitenote_note":"","_monsterinsights_sitenote_category":0,"_kadence_starter_templates_imported_post":false,"_kad_post_transparent":"","_kad_post_title":"hide","_kad_post_layout":"fullwidth","_kad_post_sidebar_id":"","_kad_post_content_style":"unboxed","_kad_post_vertical_padding":"hide","_kad_post_feature":"hide","_kad_post_feature_position":"","_kad_post_header":false,"_kad_post_footer":false,"footnotes":""},"class_list":["post-12","page","type-page","status-publish","hentry"],"yoast_head":"<!-- This site is optimized with the Yoast SEO plugin v23.4 - https:\/\/yoast.com\/wordpress\/plugins\/seo\/ -->\n<title>Accueil - WordPress<\/title>\n<meta name=\"robots\" content=\"index, follow, max-snippet:-1, max-image-preview:large, max-video-preview:-1\" \/>\n<link rel=\"canonical\" href=\"https:\/\/geo-info.fr\/\" \/>\n<meta property=\"og:locale\" content=\"en_US\" \/>\n<meta property=\"og:type\" content=\"article\" \/>\n<meta property=\"og:title\" content=\"Accueil - WordPress\" \/>\n<meta property=\"og:description\" content=\"Passionn\u00e9s d&#8217;infrastructure ou professionnels, plongez dans l&#8217;univers de la g\u00e9otechnique La G\u00e9ologie D\u00e9voil\u00e9e L&#8217;essence de la G\u00e9otechnique : Un Voyage \u00e0 Travers l&#8217;Histoire L&#8217;hydrog\u00e9ologie : Importance et Applications en G\u00e9otechnique Comprendre les \u00c9tudes de Pollution des Sols et des Nappes: Phases et M\u00e9thodologies La g\u00e9ophysique appliqu\u00e9e : D\u00e9tection d&#8217;anomalies pour les projets d&#8217;am\u00e9nagement \u00c9tude de...\" \/>\n<meta property=\"og:url\" content=\"https:\/\/geo-info.fr\/\" \/>\n<meta property=\"og:site_name\" content=\"WordPress\" \/>\n<meta property=\"article:modified_time\" content=\"2024-10-03T08:30:35+00:00\" \/>\n<meta property=\"og:image\" content=\"http:\/\/geo-info.fr\/wp-content\/uploads\/2024\/09\/Logo-Slogan_TECHSOL_Signature-2.png\" \/>\n<meta name=\"twitter:card\" content=\"summary_large_image\" \/>\n<meta name=\"twitter:label1\" content=\"Est. reading time\" \/>\n\t<meta name=\"twitter:data1\" content=\"1 minute\" \/>\n<script type=\"application\/ld+json\" class=\"yoast-schema-graph\">{\"@context\":\"https:\/\/schema.org\",\"@graph\":[{\"@type\":\"WebPage\",\"@id\":\"https:\/\/geo-info.fr\/\",\"url\":\"https:\/\/geo-info.fr\/\",\"name\":\"Accueil - WordPress\",\"isPartOf\":{\"@id\":\"https:\/\/geo-info.fr\/#website\"},\"primaryImageOfPage\":{\"@id\":\"https:\/\/geo-info.fr\/#primaryimage\"},\"image\":{\"@id\":\"https:\/\/geo-info.fr\/#primaryimage\"},\"thumbnailUrl\":\"http:\/\/geo-info.fr\/wp-content\/uploads\/2024\/09\/Logo-Slogan_TECHSOL_Signature-2.png\",\"datePublished\":\"2024-09-12T21:46:36+00:00\",\"dateModified\":\"2024-10-03T08:30:35+00:00\",\"breadcrumb\":{\"@id\":\"https:\/\/geo-info.fr\/#breadcrumb\"},\"inLanguage\":\"en-US\",\"potentialAction\":[{\"@type\":\"ReadAction\",\"target\":[\"https:\/\/geo-info.fr\/\"]}]},{\"@type\":\"ImageObject\",\"inLanguage\":\"en-US\",\"@id\":\"https:\/\/geo-info.fr\/#primaryimage\",\"url\":\"https:\/\/geo-info.fr\/wp-content\/uploads\/2024\/09\/Logo-Slogan_TECHSOL_Signature-2.png\",\"contentUrl\":\"https:\/\/geo-info.fr\/wp-content\/uploads\/2024\/09\/Logo-Slogan_TECHSOL_Signature-2.png\",\"width\":800,\"height\":538},{\"@type\":\"BreadcrumbList\",\"@id\":\"https:\/\/geo-info.fr\/#breadcrumb\",\"itemListElement\":[{\"@type\":\"ListItem\",\"position\":1,\"name\":\"Accueil\",\"item\":\"https:\/\/geo-info.fr\/\"},{\"@type\":\"ListItem\",\"position\":2,\"name\":\"Accueil\"}]},{\"@type\":\"WebSite\",\"@id\":\"https:\/\/geo-info.fr\/#website\",\"url\":\"https:\/\/geo-info.fr\/\",\"name\":\"WordPress\",\"description\":\"Un site utilisant WordPress\",\"publisher\":{\"@id\":\"https:\/\/geo-info.fr\/#organization\"},\"potentialAction\":[{\"@type\":\"SearchAction\",\"target\":{\"@type\":\"EntryPoint\",\"urlTemplate\":\"https:\/\/geo-info.fr\/?s={search_term_string}\"},\"query-input\":{\"@type\":\"PropertyValueSpecification\",\"valueRequired\":true,\"valueName\":\"search_term_string\"}}],\"inLanguage\":\"en-US\"},{\"@type\":\"Organization\",\"@id\":\"https:\/\/geo-info.fr\/#organization\",\"name\":\"WordPress\",\"url\":\"https:\/\/geo-info.fr\/\",\"logo\":{\"@type\":\"ImageObject\",\"inLanguage\":\"en-US\",\"@id\":\"https:\/\/geo-info.fr\/#\/schema\/logo\/image\/\",\"url\":\"https:\/\/geo-info.fr\/wp-content\/uploads\/2024\/09\/TECHSOL.png\",\"contentUrl\":\"https:\/\/geo-info.fr\/wp-content\/uploads\/2024\/09\/TECHSOL.png\",\"width\":5000,\"height\":3106,\"caption\":\"WordPress\"},\"image\":{\"@id\":\"https:\/\/geo-info.fr\/#\/schema\/logo\/image\/\"}}]}<\/script>\n<!-- \/ Yoast SEO plugin. -->","yoast_head_json":{"title":"Accueil - WordPress","robots":{"index":"index","follow":"follow","max-snippet":"max-snippet:-1","max-image-preview":"max-image-preview:large","max-video-preview":"max-video-preview:-1"},"canonical":"https:\/\/geo-info.fr\/","og_locale":"en_US","og_type":"article","og_title":"Accueil - WordPress","og_description":"Passionn\u00e9s d&#8217;infrastructure ou professionnels, plongez dans l&#8217;univers de la g\u00e9otechnique La G\u00e9ologie D\u00e9voil\u00e9e L&#8217;essence de la G\u00e9otechnique : Un Voyage \u00e0 Travers l&#8217;Histoire L&#8217;hydrog\u00e9ologie : Importance et Applications en G\u00e9otechnique Comprendre les \u00c9tudes de Pollution des Sols et des Nappes: Phases et M\u00e9thodologies La g\u00e9ophysique appliqu\u00e9e : D\u00e9tection d&#8217;anomalies pour les projets d&#8217;am\u00e9nagement \u00c9tude de...","og_url":"https:\/\/geo-info.fr\/","og_site_name":"WordPress","article_modified_time":"2024-10-03T08:30:35+00:00","og_image":[{"url":"http:\/\/geo-info.fr\/wp-content\/uploads\/2024\/09\/Logo-Slogan_TECHSOL_Signature-2.png"}],"twitter_card":"summary_large_image","twitter_misc":{"Est. reading time":"1 minute"},"schema":{"@context":"https:\/\/schema.org","@graph":[{"@type":"WebPage","@id":"https:\/\/geo-info.fr\/","url":"https:\/\/geo-info.fr\/","name":"Accueil - WordPress","isPartOf":{"@id":"https:\/\/geo-info.fr\/#website"},"primaryImageOfPage":{"@id":"https:\/\/geo-info.fr\/#primaryimage"},"image":{"@id":"https:\/\/geo-info.fr\/#primaryimage"},"thumbnailUrl":"http:\/\/geo-info.fr\/wp-content\/uploads\/2024\/09\/Logo-Slogan_TECHSOL_Signature-2.png","datePublished":"2024-09-12T21:46:36+00:00","dateModified":"2024-10-03T08:30:35+00:00","breadcrumb":{"@id":"https:\/\/geo-info.fr\/#breadcrumb"},"inLanguage":"en-US","potentialAction":[{"@type":"ReadAction","target":["https:\/\/geo-info.fr\/"]}]},{"@type":"ImageObject","inLanguage":"en-US","@id":"https:\/\/geo-info.fr\/#primaryimage","url":"https:\/\/geo-info.fr\/wp-content\/uploads\/2024\/09\/Logo-Slogan_TECHSOL_Signature-2.png","contentUrl":"https:\/\/geo-info.fr\/wp-content\/uploads\/2024\/09\/Logo-Slogan_TECHSOL_Signature-2.png","width":800,"height":538},{"@type":"BreadcrumbList","@id":"https:\/\/geo-info.fr\/#breadcrumb","itemListElement":[{"@type":"ListItem","position":1,"name":"Accueil","item":"https:\/\/geo-info.fr\/"},{"@type":"ListItem","position":2,"name":"Accueil"}]},{"@type":"WebSite","@id":"https:\/\/geo-info.fr\/#website","url":"https:\/\/geo-info.fr\/","name":"WordPress","description":"Un site utilisant WordPress","publisher":{"@id":"https:\/\/geo-info.fr\/#organization"},"potentialAction":[{"@type":"SearchAction","target":{"@type":"EntryPoint","urlTemplate":"https:\/\/geo-info.fr\/?s={search_term_string}"},"query-input":{"@type":"PropertyValueSpecification","valueRequired":true,"valueName":"search_term_string"}}],"inLanguage":"en-US"},{"@type":"Organization","@id":"https:\/\/geo-info.fr\/#organization","name":"WordPress","url":"https:\/\/geo-info.fr\/","logo":{"@type":"ImageObject","inLanguage":"en-US","@id":"https:\/\/geo-info.fr\/#\/schema\/logo\/image\/","url":"https:\/\/geo-info.fr\/wp-content\/uploads\/2024\/09\/TECHSOL.png","contentUrl":"https:\/\/geo-info.fr\/wp-content\/uploads\/2024\/09\/TECHSOL.png","width":5000,"height":3106,"caption":"WordPress"},"image":{"@id":"https:\/\/geo-info.fr\/#\/schema\/logo\/image\/"}}]}},"_links":{"self":[{"href":"https:\/\/geo-info.fr\/index.php\/wp-json\/wp\/v2\/pages\/12","targetHints":{"allow":["GET"]}}],"collection":[{"href":"https:\/\/geo-info.fr\/index.php\/wp-json\/wp\/v2\/pages"}],"about":[{"href":"https:\/\/geo-info.fr\/index.php\/wp-json\/wp\/v2\/types\/page"}],"author":[{"embeddable":true,"href":"https:\/\/geo-info.fr\/index.php\/wp-json\/wp\/v2\/users\/1"}],"replies":[{"embeddable":true,"href":"https:\/\/geo-info.fr\/index.php\/wp-json\/wp\/v2\/comments?post=12"}],"version-history":[{"count":9,"href":"https:\/\/geo-info.fr\/index.php\/wp-json\/wp\/v2\/pages\/12\/revisions"}],"predecessor-version":[{"id":239,"href":"https:\/\/geo-info.fr\/index.php\/wp-json\/wp\/v2\/pages\/12\/revisions\/239"}],"wp:attachment":[{"href":"https:\/\/geo-info.fr\/index.php\/wp-json\/wp\/v2\/media?parent=12"}],"curies":[{"name":"wp","href":"https:\/\/api.w.org\/{rel}","templated":true}]}}